{"id":28923,"date":"2022-08-08T09:06:42","date_gmt":"2022-08-08T09:06:42","guid":{"rendered":"https:\/\/elhogargallego.cat\/politica-de-privacidad\/"},"modified":"2022-11-07T12:02:14","modified_gmt":"2022-11-07T12:02:14","slug":"politica-de-privacidad","status":"publish","type":"page","link":"https:\/\/elhogargallego.cat\/es\/politica-de-privacidad\/","title":{"rendered":"Pol\u00edtica de privacidad"},"content":{"rendered":"\t\t<div data-elementor-type=\"wp-page\" data-elementor-id=\"28923\" class=\"elementor elementor-28923 elementor-73\" data-elementor-post-type=\"page\">\n\t\t\t\t\t\t<section class=\"elementor-section elementor-top-section elementor-element elementor-element-14af9fc elementor-hidden-desktop elementor-hidden-tablet elementor-hidden-mobile elementor-section-boxed elementor-section-height-default elementor-section-height-default\" data-id=\"14af9fc\" data-element_type=\"section\">\n\t\t\t\t\t\t<div class=\"elementor-container elementor-column-gap-default\">\n\t\t\t\t\t<div class=\"elementor-column elementor-col-100 elementor-top-column elementor-element elementor-element-ffbc4fe\" data-id=\"ffbc4fe\" data-element_type=\"column\">\n\t\t\t<div class=\"elementor-widget-wrap elementor-element-populated\">\n\t\t\t\t\t\t<div class=\"elementor-element elementor-element-254a62f elementor-widget elementor-widget-text-editor\" data-id=\"254a62f\" data-element_type=\"widget\" data-widget_type=\"text-editor.default\">\n\t\t\t\t<div class=\"elementor-widget-container\">\n\t\t\t\t\t\t\t<p>Pol\u00edtica de privacitat<\/p>\n<p><a href=\"https:\/\/www.boe.es\/buscar\/act.php?id=BOE-A-2002-13758\" target=\"_blank\" rel=\"noopener\">lssi<\/a><\/p>\n\t\t\t\t\t\t<\/div>\n\t\t\t\t<\/div>\n\t\t\t\t<div class=\"elementor-element elementor-element-a47b4d3 elementor-widget elementor-widget-image\" data-id=\"a47b4d3\" data-element_type=\"widget\" data-widget_type=\"image.default\">\n\t\t\t\t<div class=\"elementor-widget-container\">\n\t\t\t\t\t\t\t\t\t\t\t\t\t<img decoding=\"async\" width=\"150\" height=\"150\" src=\"https:\/\/elhogargallego.cat\/wp-content\/uploads\/2022\/10\/documento-legal-150x150.png\" class=\"attachment-thumbnail size-thumbnail wp-image-29130\" alt=\"Pol\u00edtica de privacitat\" srcset=\"https:\/\/elhogargallego.cat\/wp-content\/uploads\/2022\/10\/documento-legal-150x150.png 150w, https:\/\/elhogargallego.cat\/wp-content\/uploads\/2022\/10\/documento-legal-300x300.png 300w, https:\/\/elhogargallego.cat\/wp-content\/uploads\/2022\/10\/documento-legal.png 512w\" sizes=\"(max-width: 150px) 100vw, 150px\" \/>\t\t\t\t\t\t\t\t\t\t\t\t\t<\/div>\n\t\t\t\t<\/div>\n\t\t\t\t\t<\/div>\n\t\t<\/div>\n\t\t\t\t\t<\/div>\n\t\t<\/section>\n\t\t\t\t<section class=\"elementor-section elementor-top-section elementor-element elementor-element-4a1ba82 elementor-section-full_width elementor-section-height-min-height animated-slow elementor-section-height-default elementor-section-items-middle elementor-invisible\" data-id=\"4a1ba82\" data-element_type=\"section\" data-settings=\"{&quot;background_background&quot;:&quot;classic&quot;,&quot;animation&quot;:&quot;fadeIn&quot;}\">\n\t\t\t\t\t\t\t<div class=\"elementor-background-overlay\"><\/div>\n\t\t\t\t\t\t\t<div class=\"elementor-container elementor-column-gap-default\">\n\t\t\t\t\t<div class=\"elementor-column elementor-col-100 elementor-top-column elementor-element elementor-element-1c659bc\" data-id=\"1c659bc\" data-element_type=\"column\">\n\t\t\t<div class=\"elementor-widget-wrap elementor-element-populated\">\n\t\t\t\t\t\t<div class=\"elementor-element elementor-element-09dbba6 elementor-widget elementor-widget-heading\" data-id=\"09dbba6\" data-element_type=\"widget\" data-widget_type=\"heading.default\">\n\t\t\t\t<div class=\"elementor-widget-container\">\n\t\t\t<h1 class=\"elementor-heading-title elementor-size-default\">Pol\u00edtica de privacidad<\/h1>\t\t<\/div>\n\t\t\t\t<\/div>\n\t\t\t\t\t<\/div>\n\t\t<\/div>\n\t\t\t\t\t<\/div>\n\t\t<\/section>\n\t\t\t\t<section class=\"elementor-section elementor-top-section elementor-element elementor-element-3d92129 animated-slow elementor-section-boxed elementor-section-height-default elementor-section-height-default elementor-invisible\" data-id=\"3d92129\" data-element_type=\"section\" data-settings=\"{&quot;animation&quot;:&quot;fadeIn&quot;}\">\n\t\t\t\t\t\t<div class=\"elementor-container elementor-column-gap-default\">\n\t\t\t\t\t<div class=\"elementor-column elementor-col-100 elementor-top-column elementor-element elementor-element-77d525b\" data-id=\"77d525b\" data-element_type=\"column\">\n\t\t\t<div class=\"elementor-widget-wrap elementor-element-populated\">\n\t\t\t\t\t\t<div class=\"elementor-element elementor-element-2a81a72 elementor-widget elementor-widget-text-editor\" data-id=\"2a81a72\" data-element_type=\"widget\" data-widget_type=\"text-editor.default\">\n\t\t\t\t<div class=\"elementor-widget-container\">\n\t\t\t\t\t\t\t<p><strong>1. IDENTIFICACI\u00d3N DEL TITULAR\u00a0<\/strong><br \/>\n<strong>EL HOGAR GALLEGO CALELLA, S.L.<\/strong>es el titular del sitio web que Usted visita, siendo el Responsable del tratamiento de los datos personales del Usuario, por lo que, en el tratamiento de sus datos de car\u00e1cter personal, garantiza el cumplimiento de la normativa vigente en materia de protecci\u00f3n de datos LOPD y RGPD, as\u00ed como a la normativa sobre Servicios de la Sociedad de la Informaci\u00f3n y el Comercio Electr\u00f3nico (LSSICE o LSSI), por lo que se facilita la siguiente informaci\u00f3n del tratamiento.<br \/>\nEsta pol\u00edtica de privacidad establece la forma y proporciona la informaci\u00f3n necesaria sobre la gesti\u00f3n y el tratamiento de los datos personales recogidos en esta web. El usuario deber\u00e1 leerla y aceptarla antes de seguir en la misma.<\/p>\n<p><strong>2. MENORES<\/strong><br \/>\nQueda prohibido el acceso y uso de este sitio Web a los menores de 18 a\u00f1os que no extiende debidamente autorizados. <strong>EL HOGAR GALLEGO CALELLA, S.L.<\/strong>, entiende que desde el momento en que un menor accede a esta Web, cuenta con el permiso de sus padres, de su tutor o de su representante legal.<br \/>\n<strong>EL HOGAR GALLEGO CALELLA, S.L.<\/strong> informa que existen programas inform\u00e1ticos para acotar la navegaci\u00f3n mediante el filtro o bloqueo a determinados contenidos.<\/p>\n<p><strong>3. ENV\u00cdO Y REGISTRO DE DATOS PERSONALES<\/strong><br \/>\nEl env\u00edo de datos de car\u00e1cter personal es obligatorio para solicitar informaci\u00f3n, contactar, suscribirse a nuestros boletines y\/o realizar operaciones comerciales o mercantiles con EL <strong>HOGAR GALLEGO CALELLA, S.L.<\/strong> No facilitar los datos personales solicitados o el no aceptar la presente pol\u00edtica de protecci\u00f3n de datos supone la imposibilidad de llevar a cabo las solicitudes realizadas por el interesado o suscribirse a nuestros boletines.<\/p>\n<p><strong>4. FINALIDAD DEL TRATAMIENTO DE DATOS<\/strong><br \/>\nLos datos que le solicitamos en todo momento, son los adecuados, pertinentes y estrictamente necesarios para la finalidad para la que se recogen. Como usuario nos certifica que todos los datos que nos env\u00ede o proporcione a trav\u00e9s de estos formularios son ciertos, veraces y pertinentes para la finalidad que han sido solicitados. En funci\u00f3n del formulario o apartado al que acceda, la informaci\u00f3n que nos proporcione se utilizar\u00e1 para las finalidades descritas a continuaci\u00f3n:<\/p>\n<ol>\n<li>Las que particularmente indiquemos en cada una de las p\u00e1ginas donde aparezca el formulario de electr\u00f3nico de registro, contacto, consulta o similar.<\/li>\n<li>Atender sus solicitudes e informar sobre nuestros servicios, encargos o cualquier tipo de petici\u00f3n que realice a trav\u00e9s de cualquiera de las formas de contacto de nuestra web.<\/li>\n<li>Para facilitar la realizaci\u00f3n de reservas en nuestro Restaurante.<\/li>\n<li>Para facilitar a nuestros usuarios la suscripci\u00f3n a nuestras publicaciones, noticias peri\u00f3dicas o blog.<\/li>\n<li>Para poder elaborar estad\u00edsticas con fines comerciales.<\/li>\n<li>Para enviar comunicaciones comerciales propias relacionadas con nuestros productos, servicios, novedades o promociones, a trav\u00e9s de cualquier medio electr\u00f3nico, postal o telef\u00f3nico, as\u00ed como de empresas que colaboren con <strong>EL HOGAR GALLEGO CALELLA, S.L.<\/strong> Estos terceros nunca tendr\u00e1n acceso a sus datos personales, y estas comunicaciones siempre ser\u00e1n sobre productos y servicios relacionados con nuestro sector.<\/li>\n<li>Para facilitar el hacerse seguidor de los perfiles de <strong>EL HOGAR GALLEGO CALELLA, S.L.<\/strong> en las redes sociales que enlazan en nuestra web. A este respecto queremos que conozca que el tratamiento de sus datos personales dentro del entorno de estas redes sociales, se regir\u00e1 por las pol\u00edticas de privacidad de estas redes Por lo que el ejercicio de derechos por parte de <strong>EL HOGAR GALLEGO CALELLA, S.L<\/strong>. quedar\u00e1 limitado a aquellas que permita la red social de que se trate, por este motivo recomendamos que antes de seguir nuestros perfiles en redes sociales revise las condiciones de uso y pol\u00edticas de privacidad de las mismas.<\/li>\n<\/ol>\n<div><\/div>\n<p><strong>5. CONFIDENCIALIDAD, CONSERVACI\u00d3N Y CESI\u00d3N DE DATOS<\/strong><br \/>\nSus datos ser\u00e1n tratados con la m\u00e1xima confidencialidad por todos nuestros colaboradores o empleados en cualquier fase de los servicios que prestamos, siendo sus datos utilizados exclusivamente con las finalidades que le hemos indicado anteriormente.<br \/>\nSus datos ser\u00e1n conservados por el plazo imprescindible para llevar a cabo el encargo encomendado, as\u00ed como para cumplir con la legislaci\u00f3n vigente. En el caso de aceptar recibir comunicaciones comerciales de EL HOGAR GALLEGO CALELLA, S.L., ser\u00e1n conservados mientras no solicite su cancelaci\u00f3n.<\/p>\n<p><strong>EL HOGAR GALLEGO CALELLA, S.L.<\/strong>, le garantiza que sus datos no ser\u00e1n cedidos ni comunicados a ning\u00fan tercero, excepto en los casos legalmente previstos y en el caso en que dicha cesi\u00f3n se encuentre amparada por las leyes, o bien sea imprescindible para poder cumplir el servicio solicitado y\/o contratado. En el caso de ceder sus datos fuera de estos supuestos le solicitaremos su autorizaci\u00f3n expresamente.<br \/>\nNo realizamos transferencias internacionales de datos fuera de la Uni\u00f3n Europea.<\/p>\n<p><strong>6. INCORPORACI\u00d3N DE DATOS DE TERCEROS<\/strong><br \/>\nEn el caso de que nos facilite datos de car\u00e1cter personal de terceras personas, declara que ha sido autorizado por esas personas para facilitar sus datos, y que les ha informado antes de todo lo que recoge esta pol\u00edtica de privacidad, especialmente de los datos nuestra empresa y de c\u00f3mo ejercer los derechos que sobre el tratamiento de sus datos. EL HOGAR GALLEGO CALELLA, S.L., no asume ninguna responsabilidad sobre los datos de estos terceros que nos proporcione, siendo su exclusiva responsabilidad disponer de la autorizaci\u00f3n de los titulares y proporcionarles la informaci\u00f3n necesaria sobre el tratamiento de sus datos.<\/p>\n<p><strong>7. EJERCICIO DE DERECHOS<\/strong><br \/>\nEn todo momento, nos podr\u00e1 remitir una comunicaci\u00f3n por escrito al domicilio social de EL HOGAR GALLEGO CALELLA, S.L., o al correo electr\u00f3nico que figura en nuestra web para ejercer sus derechos de acceso, rectificaci\u00f3n, portabilidad y supresi\u00f3n de sus datos, as\u00ed como la limitaci\u00f3n u oposici\u00f3n deber\u00e1 incluir una fotocopia de su DNI u otro documento que nos permita identificarle.<\/p>\n<p>Los derechos que puede ejercer son los siguientes:<\/p>\n<ol>\n<li>Derecho de acceso, rectificaci\u00f3n, portabilidad y supresi\u00f3n de sus datos, as\u00ed como la limitaci\u00f3n u oposici\u00f3n a su tratamiento.<\/li>\n<li>Derecho a realizar una reclamaci\u00f3n ante la autoridad de control, en este caso, la Agencia Espa\u00f1ola de Protecci\u00f3n de Datos, si lo considera oportuno.<\/li>\n<li>Derecho a cursar baja en nuestros servicios de subscripci\u00f3n, enviando un correo electr\u00f3nico a: <a href=\"mailto:info@elhogargallego.com\">info@elhogargallego.com<\/a> indicando en su solicitud: BAJA SUSCRIPCI\u00d3N.<\/li>\n<li>Derecho a revocar el consentimiento prestado para el tratamiento de sus datos en cualquier momento siempre que sea posible. Si bien esta revocaci\u00f3n en ning\u00fan caso tendr\u00e1 car\u00e1cter retroactivo.<\/li>\n<\/ol>\n<div><\/div>\n<p><strong>8. ACEPTACI\u00d3N Y CONSENTIMIENTO<\/strong><br \/>\nMarcando las casillas de aceptaci\u00f3n obligatoria de nuestra \u201cPol\u00edtica de Privacidad\u201d y \u201c Aviso Legal\u201d y la entrada de datos en los campos de nuestros formularios, el usuario acepta expresamente y de forma libre e inequ\u00edvoca, que sus datos son necesarios para atender su petici\u00f3n, declarando haber sido informado de las condiciones sobre protecci\u00f3n de datos de car\u00e1cter personal, aceptando y por tanto consintiendo el tratamiento de sus datos por parte de <strong>EL HOGAR GALLEGO CALELLA, S.L.<\/strong>, en la forma y para las finalidades indicadas en la presente Pol\u00edtica de Privacidad.<\/p>\n<p><strong>9. MEDIDAS DE SEGURIDAD<\/strong><br \/>\n<strong>EL HOGAR GALLEGO CALELLA, S.L<\/strong>., ha adoptado todas las medidas t\u00e9cnicas y organizativas necesarias para garantizar la seguridad de los datos personales que nos proporcione. Evitando as\u00ed su alteraci\u00f3n, p\u00e9rdida, tratamientos o accesos no autorizados. No obstante, lo anterior, el usuario reconoce y acepta que las medidas de seguridad en Internet no son seguras al cien por cien.<\/p>\n<p><strong>10. MODIFICACIONES DE LA PRESENTE POL\u00cdTICA DE PRIVACIDAD<\/strong><br \/>\n<strong>EL HOGAR GALLEGO CALELLA, S.L<\/strong>., puede alterar la presente pol\u00edtica de privacidad para adaptarla a las modificaciones que se produzcan o por los cambios legislativos que vayan apareciendo y afecten a las pol\u00edticas recogidas en este documento. Como consecuencia, recomendamos que lo revise peri\u00f3dicamente, as\u00ed como que se ponga en con nosotros ante cualquier tipo de duda o incidencia en el correo electr\u00f3nico: <a href=\"https:\/\/elhogargallego.cat\/politica-de-privadesa-de-dades\/info@elhogargallego.com\">info@elhogargallego.com<\/a> o en la direcci\u00f3n y tel\u00e9fonos de contacto que figuran en nuestra web.<\/p>\n\t\t\t\t\t\t<\/div>\n\t\t\t\t<\/div>\n\t\t\t\t\t<\/div>\n\t\t<\/div>\n\t\t\t\t\t<\/div>\n\t\t<\/section>\n\t\t\t\t<section class=\"elementor-section elementor-top-section elementor-element elementor-element-6858159 elementor-hidden-desktop elementor-hidden-tablet elementor-hidden-mobile elementor-section-boxed elementor-section-height-default elementor-section-height-default\" data-id=\"6858159\" data-element_type=\"section\">\n\t\t\t\t\t\t<div class=\"elementor-container elementor-column-gap-default\">\n\t\t\t\t\t<div class=\"elementor-column elementor-col-100 elementor-top-column elementor-element elementor-element-c7469f7\" data-id=\"c7469f7\" data-element_type=\"column\">\n\t\t\t<div class=\"elementor-widget-wrap elementor-element-populated\">\n\t\t\t\t\t\t<div class=\"elementor-element elementor-element-f178e63 elementor-widget elementor-widget-text-editor\" data-id=\"f178e63\" data-element_type=\"widget\" data-widget_type=\"text-editor.default\">\n\t\t\t\t<div class=\"elementor-widget-container\">\n\t\t\t\t\t\t\t<h3>Pol\u00edtica de privacitat<\/h3>\n<p>Pol\u00edtica de privacitat<\/p>\n<p>Pol\u00edtica de privacitat<\/p>\n\t\t\t\t\t\t<\/div>\n\t\t\t\t<\/div>\n\t\t\t\t\t<\/div>\n\t\t<\/div>\n\t\t\t\t\t<\/div>\n\t\t<\/section>\n\t\t\t\t<\/div>\n\t\t","protected":false},"excerpt":{"rendered":"<p>Pol\u00edtica de privacitat lssi 1. IDENTIFICACI\u00d3N DEL TITULAR\u00a0 EL HOGAR GALLEGO CALELLA, S.L.es el titular del sitio web que Usted visita, siendo el Responsable del tratamiento de los datos personales del Usuario, por lo que, en el tratamiento de sus datos de car\u00e1cter personal, garantiza el cumplimiento de la normativa vigente en materia de protecci\u00f3n [&hellip;]<\/p>\n","protected":false},"author":1,"featured_media":0,"parent":0,"menu_order":0,"comment_status":"closed","ping_status":"closed","template":"elementor_header_footer","meta":{"footnotes":""},"class_list":["post-28923","page","type-page","status-publish","hentry"],"yoast_head":"<!-- This site is optimized with the Yoast SEO plugin v23.7 - https:\/\/yoast.com\/wordpress\/plugins\/seo\/ -->\n<title>Pol\u00edtica de privacidad - El Hogar Gallego<\/title>\n<meta name=\"description\" content=\"Pol\u00edtica de privacitat. Aquesta pol\u00edtica estableix la forma i gesti\u00f3 i el tractament de les dades personals recollides en aquesta web.\" \/>\n<meta name=\"robots\" content=\"index, follow, max-snippet:-1, max-image-preview:large, max-video-preview:-1\" \/>\n<link rel=\"canonical\" href=\"https:\/\/elhogargallego.cat\/es\/politica-de-privacidad\/\" \/>\n<meta property=\"og:locale\" content=\"es_ES\" \/>\n<meta property=\"og:type\" content=\"article\" \/>\n<meta property=\"og:title\" content=\"Pol\u00edtica de privacidad - El Hogar Gallego\" \/>\n<meta property=\"og:description\" content=\"Pol\u00edtica de privacitat. Aquesta pol\u00edtica estableix la forma i gesti\u00f3 i el tractament de les dades personals recollides en aquesta web.\" \/>\n<meta property=\"og:url\" content=\"https:\/\/elhogargallego.cat\/es\/politica-de-privacidad\/\" \/>\n<meta property=\"og:site_name\" content=\"El Hogar Gallego\" \/>\n<meta property=\"article:publisher\" content=\"https:\/\/www.facebook.com\/ElHogarGallego\" \/>\n<meta property=\"article:modified_time\" content=\"2022-11-07T12:02:14+00:00\" \/>\n<meta property=\"og:image\" content=\"https:\/\/elhogargallego.cat\/wp-content\/uploads\/2022\/10\/documento-legal-150x150.png\" \/>\n<meta name=\"twitter:card\" content=\"summary_large_image\" \/>\n<meta name=\"twitter:label1\" content=\"Tiempo de lectura\" \/>\n\t<meta name=\"twitter:data1\" content=\"7 minutos\" \/>\n<script type=\"application\/ld+json\" class=\"yoast-schema-graph\">{\"@context\":\"https:\/\/schema.org\",\"@graph\":[{\"@type\":\"WebPage\",\"@id\":\"https:\/\/elhogargallego.cat\/es\/politica-de-privacidad\/\",\"url\":\"https:\/\/elhogargallego.cat\/es\/politica-de-privacidad\/\",\"name\":\"Pol\u00edtica de privacidad - El Hogar Gallego\",\"isPartOf\":{\"@id\":\"https:\/\/elhogargallego.cat\/es\/#website\"},\"primaryImageOfPage\":{\"@id\":\"https:\/\/elhogargallego.cat\/es\/politica-de-privacidad\/#primaryimage\"},\"image\":{\"@id\":\"https:\/\/elhogargallego.cat\/es\/politica-de-privacidad\/#primaryimage\"},\"thumbnailUrl\":\"https:\/\/elhogargallego.cat\/wp-content\/uploads\/2022\/10\/documento-legal-150x150.png\",\"datePublished\":\"2022-08-08T09:06:42+00:00\",\"dateModified\":\"2022-11-07T12:02:14+00:00\",\"description\":\"Pol\u00edtica de privacitat. Aquesta pol\u00edtica estableix la forma i gesti\u00f3 i el tractament de les dades personals recollides en aquesta web.\",\"breadcrumb\":{\"@id\":\"https:\/\/elhogargallego.cat\/es\/politica-de-privacidad\/#breadcrumb\"},\"inLanguage\":\"es\",\"potentialAction\":[{\"@type\":\"ReadAction\",\"target\":[\"https:\/\/elhogargallego.cat\/es\/politica-de-privacidad\/\"]}]},{\"@type\":\"ImageObject\",\"inLanguage\":\"es\",\"@id\":\"https:\/\/elhogargallego.cat\/es\/politica-de-privacidad\/#primaryimage\",\"url\":\"https:\/\/elhogargallego.cat\/wp-content\/uploads\/2022\/10\/documento-legal-150x150.png\",\"contentUrl\":\"https:\/\/elhogargallego.cat\/wp-content\/uploads\/2022\/10\/documento-legal-150x150.png\"},{\"@type\":\"BreadcrumbList\",\"@id\":\"https:\/\/elhogargallego.cat\/es\/politica-de-privacidad\/#breadcrumb\",\"itemListElement\":[{\"@type\":\"ListItem\",\"position\":1,\"name\":\"Inici\",\"item\":\"https:\/\/elhogargallego.cat\/es\/\"},{\"@type\":\"ListItem\",\"position\":2,\"name\":\"Pol\u00edtica de privacidad\"}]},{\"@type\":\"WebSite\",\"@id\":\"https:\/\/elhogargallego.cat\/es\/#website\",\"url\":\"https:\/\/elhogargallego.cat\/es\/\",\"name\":\"El Hogar Gallego\",\"description\":\"\",\"publisher\":{\"@id\":\"https:\/\/elhogargallego.cat\/es\/#organization\"},\"potentialAction\":[{\"@type\":\"SearchAction\",\"target\":{\"@type\":\"EntryPoint\",\"urlTemplate\":\"https:\/\/elhogargallego.cat\/es\/?s={search_term_string}\"},\"query-input\":{\"@type\":\"PropertyValueSpecification\",\"valueRequired\":true,\"valueName\":\"search_term_string\"}}],\"inLanguage\":\"es\"},{\"@type\":\"Organization\",\"@id\":\"https:\/\/elhogargallego.cat\/es\/#organization\",\"name\":\"El Hogar Gallego\",\"url\":\"https:\/\/elhogargallego.cat\/es\/\",\"logo\":{\"@type\":\"ImageObject\",\"inLanguage\":\"es\",\"@id\":\"https:\/\/elhogargallego.cat\/es\/#\/schema\/logo\/image\/\",\"url\":\"https:\/\/elhogargallego.cat\/wp-content\/uploads\/2025\/02\/logo50.png\",\"contentUrl\":\"https:\/\/elhogargallego.cat\/wp-content\/uploads\/2025\/02\/logo50.png\",\"width\":150,\"height\":114,\"caption\":\"El Hogar Gallego\"},\"image\":{\"@id\":\"https:\/\/elhogargallego.cat\/es\/#\/schema\/logo\/image\/\"},\"sameAs\":[\"https:\/\/www.facebook.com\/ElHogarGallego\",\"http:\/\/instagram.com\/elhogargallego\",\"http:\/\/www.youtube.com\/haciendahogargallego\",\"https:\/\/www.tripadvisor.es\/Restaurant_Review-g580327-d997075-Reviews-El_Hogar_Gallego-Calella_Catalonia.html\"]}]}<\/script>\n<!-- \/ Yoast SEO plugin. -->","yoast_head_json":{"title":"Pol\u00edtica de privacidad - El Hogar Gallego","description":"Pol\u00edtica de privacitat. Aquesta pol\u00edtica estableix la forma i gesti\u00f3 i el tractament de les dades personals recollides en aquesta web.","robots":{"index":"index","follow":"follow","max-snippet":"max-snippet:-1","max-image-preview":"max-image-preview:large","max-video-preview":"max-video-preview:-1"},"canonical":"https:\/\/elhogargallego.cat\/es\/politica-de-privacidad\/","og_locale":"es_ES","og_type":"article","og_title":"Pol\u00edtica de privacidad - El Hogar Gallego","og_description":"Pol\u00edtica de privacitat. Aquesta pol\u00edtica estableix la forma i gesti\u00f3 i el tractament de les dades personals recollides en aquesta web.","og_url":"https:\/\/elhogargallego.cat\/es\/politica-de-privacidad\/","og_site_name":"El Hogar Gallego","article_publisher":"https:\/\/www.facebook.com\/ElHogarGallego","article_modified_time":"2022-11-07T12:02:14+00:00","og_image":[{"url":"https:\/\/elhogargallego.cat\/wp-content\/uploads\/2022\/10\/documento-legal-150x150.png"}],"twitter_card":"summary_large_image","twitter_misc":{"Tiempo de lectura":"7 minutos"},"schema":{"@context":"https:\/\/schema.org","@graph":[{"@type":"WebPage","@id":"https:\/\/elhogargallego.cat\/es\/politica-de-privacidad\/","url":"https:\/\/elhogargallego.cat\/es\/politica-de-privacidad\/","name":"Pol\u00edtica de privacidad - El Hogar Gallego","isPartOf":{"@id":"https:\/\/elhogargallego.cat\/es\/#website"},"primaryImageOfPage":{"@id":"https:\/\/elhogargallego.cat\/es\/politica-de-privacidad\/#primaryimage"},"image":{"@id":"https:\/\/elhogargallego.cat\/es\/politica-de-privacidad\/#primaryimage"},"thumbnailUrl":"https:\/\/elhogargallego.cat\/wp-content\/uploads\/2022\/10\/documento-legal-150x150.png","datePublished":"2022-08-08T09:06:42+00:00","dateModified":"2022-11-07T12:02:14+00:00","description":"Pol\u00edtica de privacitat. Aquesta pol\u00edtica estableix la forma i gesti\u00f3 i el tractament de les dades personals recollides en aquesta web.","breadcrumb":{"@id":"https:\/\/elhogargallego.cat\/es\/politica-de-privacidad\/#breadcrumb"},"inLanguage":"es","potentialAction":[{"@type":"ReadAction","target":["https:\/\/elhogargallego.cat\/es\/politica-de-privacidad\/"]}]},{"@type":"ImageObject","inLanguage":"es","@id":"https:\/\/elhogargallego.cat\/es\/politica-de-privacidad\/#primaryimage","url":"https:\/\/elhogargallego.cat\/wp-content\/uploads\/2022\/10\/documento-legal-150x150.png","contentUrl":"https:\/\/elhogargallego.cat\/wp-content\/uploads\/2022\/10\/documento-legal-150x150.png"},{"@type":"BreadcrumbList","@id":"https:\/\/elhogargallego.cat\/es\/politica-de-privacidad\/#breadcrumb","itemListElement":[{"@type":"ListItem","position":1,"name":"Inici","item":"https:\/\/elhogargallego.cat\/es\/"},{"@type":"ListItem","position":2,"name":"Pol\u00edtica de privacidad"}]},{"@type":"WebSite","@id":"https:\/\/elhogargallego.cat\/es\/#website","url":"https:\/\/elhogargallego.cat\/es\/","name":"El Hogar Gallego","description":"","publisher":{"@id":"https:\/\/elhogargallego.cat\/es\/#organization"},"potentialAction":[{"@type":"SearchAction","target":{"@type":"EntryPoint","urlTemplate":"https:\/\/elhogargallego.cat\/es\/?s={search_term_string}"},"query-input":{"@type":"PropertyValueSpecification","valueRequired":true,"valueName":"search_term_string"}}],"inLanguage":"es"},{"@type":"Organization","@id":"https:\/\/elhogargallego.cat\/es\/#organization","name":"El Hogar Gallego","url":"https:\/\/elhogargallego.cat\/es\/","logo":{"@type":"ImageObject","inLanguage":"es","@id":"https:\/\/elhogargallego.cat\/es\/#\/schema\/logo\/image\/","url":"https:\/\/elhogargallego.cat\/wp-content\/uploads\/2025\/02\/logo50.png","contentUrl":"https:\/\/elhogargallego.cat\/wp-content\/uploads\/2025\/02\/logo50.png","width":150,"height":114,"caption":"El Hogar Gallego"},"image":{"@id":"https:\/\/elhogargallego.cat\/es\/#\/schema\/logo\/image\/"},"sameAs":["https:\/\/www.facebook.com\/ElHogarGallego","http:\/\/instagram.com\/elhogargallego","http:\/\/www.youtube.com\/haciendahogargallego","https:\/\/www.tripadvisor.es\/Restaurant_Review-g580327-d997075-Reviews-El_Hogar_Gallego-Calella_Catalonia.html"]}]}},"_links":{"self":[{"href":"https:\/\/elhogargallego.cat\/es\/wp-json\/wp\/v2\/pages\/28923"}],"collection":[{"href":"https:\/\/elhogargallego.cat\/es\/wp-json\/wp\/v2\/pages"}],"about":[{"href":"https:\/\/elhogargallego.cat\/es\/wp-json\/wp\/v2\/types\/page"}],"author":[{"embeddable":true,"href":"https:\/\/elhogargallego.cat\/es\/wp-json\/wp\/v2\/users\/1"}],"replies":[{"embeddable":true,"href":"https:\/\/elhogargallego.cat\/es\/wp-json\/wp\/v2\/comments?post=28923"}],"version-history":[{"count":6,"href":"https:\/\/elhogargallego.cat\/es\/wp-json\/wp\/v2\/pages\/28923\/revisions"}],"predecessor-version":[{"id":29348,"href":"https:\/\/elhogargallego.cat\/es\/wp-json\/wp\/v2\/pages\/28923\/revisions\/29348"}],"wp:attachment":[{"href":"https:\/\/elhogargallego.cat\/es\/wp-json\/wp\/v2\/media?parent=28923"}],"curies":[{"name":"wp","href":"https:\/\/api.w.org\/{rel}","templated":true}]}}