{"id":28918,"date":"2022-08-08T07:31:02","date_gmt":"2022-08-08T07:31:02","guid":{"rendered":"https:\/\/elhogargallego.cat\/inicio\/"},"modified":"2026-04-09T12:52:15","modified_gmt":"2026-04-09T12:52:15","slug":"inicio","status":"publish","type":"page","link":"https:\/\/elhogargallego.cat\/es\/","title":{"rendered":"Inicio"},"content":{"rendered":"\t\t<div data-elementor-type=\"wp-page\" data-elementor-id=\"28918\" class=\"elementor elementor-28918 elementor-27\" data-elementor-post-type=\"page\">\n\t\t\t\t\t\t<section class=\"elementor-section elementor-top-section elementor-element elementor-element-0c42b89 elementor-section-full_width elementor-section-content-top elementor-section-height-full elementor-section-items-stretch elementor-section-stretched elementor-section-height-default\" data-id=\"0c42b89\" data-element_type=\"section\" data-settings=\"{&quot;stretch_section&quot;:&quot;section-stretched&quot;}\">\n\t\t\t\t\t\t<div class=\"elementor-container elementor-column-gap-no\">\n\t\t\t\t\t<div class=\"elementor-column elementor-col-50 elementor-top-column elementor-element elementor-element-d8741ad\" data-id=\"d8741ad\" data-element_type=\"column\" data-settings=\"{&quot;background_background&quot;:&quot;slideshow&quot;,&quot;background_slideshow_gallery&quot;:[],&quot;background_slideshow_loop&quot;:&quot;yes&quot;,&quot;background_slideshow_slide_duration&quot;:5000,&quot;background_slideshow_slide_transition&quot;:&quot;fade&quot;,&quot;background_slideshow_transition_duration&quot;:500}\">\n\t\t\t<div class=\"elementor-widget-wrap elementor-element-populated\">\n\t\t\t\t\t\t<section class=\"elementor-section elementor-inner-section elementor-element elementor-element-32d762e elementor-section-full_width elementor-section-height-full elementor-section-height-default\" data-id=\"32d762e\" data-element_type=\"section\" data-settings=\"{&quot;background_background&quot;:&quot;video&quot;,&quot;background_video_link&quot;:&quot;https:\\\/\\\/elhogargallego.cat\\\/video_hogar2.mp4&quot;,&quot;background_play_on_mobile&quot;:&quot;yes&quot;}\">\n\t\t\t\t\t\t\t\t<div class=\"elementor-background-video-container\">\n\t\t\t\t\t\t\t\t\t\t\t\t\t<video class=\"elementor-background-video-hosted elementor-html5-video\" autoplay muted playsinline loop><\/video>\n\t\t\t\t\t\t\t\t\t\t\t<\/div>\n\t\t\t\t\t\t\t\t<div class=\"elementor-container elementor-column-gap-default\">\n\t\t\t\t\t<div class=\"elementor-column elementor-col-100 elementor-inner-column elementor-element elementor-element-14d5cac\" data-id=\"14d5cac\" data-element_type=\"column\">\n\t\t\t<div class=\"elementor-widget-wrap\">\n\t\t\t\t\t\t\t<\/div>\n\t\t<\/div>\n\t\t\t\t\t<\/div>\n\t\t<\/section>\n\t\t\t\t\t<\/div>\n\t\t<\/div>\n\t\t\t\t<div class=\"elementor-column elementor-col-50 elementor-top-column elementor-element elementor-element-917e15c\" data-id=\"917e15c\" data-element_type=\"column\">\n\t\t\t<div class=\"elementor-widget-wrap elementor-element-populated\">\n\t\t\t\t\t\t<div class=\"elementor-element elementor-element-d83961f elementor-widget-tablet__width-inherit elementor-widget elementor-widget-ucaddon_hover_text_reveal_content_box_copy\" data-id=\"d83961f\" data-element_type=\"widget\" data-widget_type=\"ucaddon_hover_text_reveal_content_box_copy.default\">\n\t\t\t\t<div class=\"elementor-widget-container\">\n\t\t\t\n<!-- start Content Box Home -->\n<style>\/* widget: Content Box Home *\/\n\n.uc_long_content_box {\n\toverflow:hidden;\n}\n.uc_long_content_box *{\n\tbox-sizing: border-box;\n}\n#uc_hover_text_reveal_content_box_copy_elementor_d83961f .uc_long_content_box_holder{\n\tposition: relative;\n    text-align:center;\n    overflow:hidden;\n}\n#uc_hover_text_reveal_content_box_copy_elementor_d83961f .uc_long_content_box_holder .uc_long_content_box_box{\n\tposition: relative;\n}\n\n#uc_hover_text_reveal_content_box_copy_elementor_d83961f .uc_long_content_box_holder .uc_long_content_box_box .uc_image_box{\n\tposition: relative;\n\tbackground-size: cover !important;\n\tbackground-repeat: no-repeat !important;\n\tbackground-position: center center !important;\n\twidth: 100%;\n    background-blend-mode:normal;\n}\n\n#uc_hover_text_reveal_content_box_copy_elementor_d83961f .uc_long_content_box_holder .uc_long_content_box_box .uc_overlay{\n\tposition: absolute;\n\tleft: 0;\n\ttop: 0;\n    right:0;\n    bottom:0;\n\twidth: 100%;\n\theight: 100%;\n\tz-index: 2;\n  transition:1s;\n}\n\n#uc_hover_text_reveal_content_box_copy_elementor_d83961f .uc_long_content_box_holder .uc_long_content_box_box .uc_box_content{\n\tleft: 0;\n    bottom: 0;\n    position: absolute;\n    margin: 0;\n    width: 100%;\n\tz-index: 3;\n\toverflow: hidden;\n\tdisplay: flex;\n    height: 100%;\n    flex-direction: column;\n    justify-content: center;\n}\n\n#uc_hover_text_reveal_content_box_copy_elementor_d83961f .uc_long_content_box_holder .uc_long_content_box_box .uc_box_content .uc_title{\n  transition:0.5s;\t\n}\n\n#uc_hover_text_reveal_content_box_copy_elementor_d83961f .uc_long_content_box_holder .uc_long_content_box_box .uc_box_content {\n  transition:0.5s;\n  transform: translateY(10px);\n}\n.uc_title\n{\n    font-weight: 400;\n\tfont-size: 22px;\n}\n#uc_hover_text_reveal_content_box_copy_elementor_d83961f .uc_long_content_box_holder:hover .uc_long_content_box_box .uc_box_content .uc_title{\n  transform: translateY(-10px);\t\n}\n#uc_hover_text_reveal_content_box_copy_elementor_d83961f .uc_long_content_box_holder .uc_long_content_box_box .uc_box_content .uc_hidden_content{\n\toverflow: hidden;\n    transform: scaleY(0);\n    transform-origin: bottom;\n  transition:0.5s;\n    max-height: 0;\n\topacity: 0;\n}\n#uc_hover_text_reveal_content_box_copy_elementor_d83961f .uc_long_content_box_holder:hover .uc_long_content_box_box .uc_box_content .uc_hidden_content{\n    max-height: 100%;\n    transform: scaleY(1);\n    overflow: visible;\n\topacity: 1;\n\t\n}\n\n.uc_box_content .uc_description{\n\tcolor: #fff;\n}\n#uc_hover_text_reveal_content_box_copy_elementor_d83961f .uc_long_content_box_holder .uc_long_content_box_box .uc_box_content .uc_btn{\n\ttext-decoration: none;\n\tdisplay: inline-block;\n    text-align:center;\n  transition:0.5s;\n}\n\n<\/style>\n\n<div class=\"uc_long_content_box\" id=\"uc_hover_text_reveal_content_box_copy_elementor_d83961f\">\n\t\t<div class=\"uc_long_content_box_holder\">\n\t\t\t\n\t\t\t<div class=\"uc_long_content_box_box\">\n                            <a  href=\"https:\/\/elhogargallego.cat\/es\/cocina\" class=\"\" >\n\t\t\t\t<div class=\"uc_image_box\" style=\" background-image: url(https:\/\/elhogargallego.cat\/wp-content\/uploads\/2026\/04\/IMG_9274.jpg);\"><\/div>\n\t\t\t\t<div class=\"uc_overlay\" ><\/div>\n\t\t\t\t<div class=\"uc_box_content\">\t\t\t\t\t\n\t\t\t\t\t<div class=\"uc_hidden_content\">\n                      <div class=\"uc_title\">COCINA<\/div>\t\t\t\t\t\t<div class=\"uc_description\"><\/div>\t\t\t\t\t\t                       \n\t\t\t\t\t<\/div>\n\t\t\t\t<\/div>\n                <\/a>\n                            \n\t\t\t<\/div>\n\t\t\t\n\t\t<\/div>\n    <\/div>\n<!-- end Content Box Home -->\t\t<\/div>\n\t\t\t\t<\/div>\n\t\t\t\t\t<\/div>\n\t\t<\/div>\n\t\t\t\t\t<\/div>\n\t\t<\/section>\n\t\t\t\t<\/div>\n\t\t","protected":false},"excerpt":{"rendered":"<p>COCINA<\/p>\n","protected":false},"author":1,"featured_media":0,"parent":0,"menu_order":0,"comment_status":"closed","ping_status":"closed","template":"elementor_header_footer","meta":{"footnotes":""},"class_list":["post-28918","page","type-page","status-publish","hentry"],"yoast_head":"<!-- This site is optimized with the Yoast SEO plugin v23.7 - https:\/\/yoast.com\/wordpress\/plugins\/seo\/ -->\n<title>Restaurante Marisquer\u00eda El Hogar Gallego - El Hogar Gallego<\/title>\n<meta name=\"description\" content=\"Restaurante Marisquer\u00eda El Hogar Gallego en Calella, Maresme, Barcelona. Gastronom\u00eda de alta cocina. Pescado y marisco directamente de Galicia. Chef Toni Gordillo. Sol de la Gu\u00eda Repsol y recomendado en la Gu\u00eda Michelin.\" \/>\n<meta name=\"robots\" content=\"index, follow, max-snippet:-1, max-image-preview:large, max-video-preview:-1\" \/>\n<link rel=\"canonical\" href=\"https:\/\/elhogargallego.cat\/es\/\" \/>\n<meta property=\"og:locale\" content=\"es_ES\" \/>\n<meta property=\"og:type\" content=\"article\" \/>\n<meta property=\"og:title\" content=\"Restaurante El Hogar Gallego Calella Maresme Barcelona\" \/>\n<meta property=\"og:description\" content=\"Restaurante Marisquer\u00eda El Hogar Gallego en Calella, Maresme, Barcelona. Gastronom\u00eda de alta cocina. Pescado y marisco directamente de Galicia. Chef Toni Gordillo. Sol de la Gu\u00eda Repsol y recomendado en la Gu\u00eda Michelin.\" \/>\n<meta property=\"og:url\" content=\"https:\/\/elhogargallego.cat\/es\/\" \/>\n<meta property=\"og:site_name\" content=\"El Hogar Gallego\" \/>\n<meta property=\"article:publisher\" content=\"https:\/\/www.facebook.com\/ElHogarGallego\" \/>\n<meta property=\"article:modified_time\" content=\"2026-04-09T12:52:15+00:00\" \/>\n<meta name=\"twitter:card\" content=\"summary_large_image\" \/>\n<meta name=\"twitter:label1\" content=\"Tiempo de lectura\" \/>\n\t<meta name=\"twitter:data1\" content=\"1 minuto\" \/>\n<script type=\"application\/ld+json\" class=\"yoast-schema-graph\">{\"@context\":\"https:\/\/schema.org\",\"@graph\":[{\"@type\":\"WebPage\",\"@id\":\"https:\/\/elhogargallego.cat\/es\/\",\"url\":\"https:\/\/elhogargallego.cat\/es\/\",\"name\":\"Restaurante Marisquer\u00eda El Hogar Gallego - El Hogar Gallego\",\"isPartOf\":{\"@id\":\"https:\/\/elhogargallego.cat\/es\/#website\"},\"datePublished\":\"2022-08-08T07:31:02+00:00\",\"dateModified\":\"2026-04-09T12:52:15+00:00\",\"description\":\"Restaurante Marisquer\u00eda El Hogar Gallego en Calella, Maresme, Barcelona. Gastronom\u00eda de alta cocina. Pescado y marisco directamente de Galicia. Chef Toni Gordillo. Sol de la Gu\u00eda Repsol y recomendado en la Gu\u00eda Michelin.\",\"breadcrumb\":{\"@id\":\"https:\/\/elhogargallego.cat\/es\/#breadcrumb\"},\"inLanguage\":\"es\",\"potentialAction\":[{\"@type\":\"ReadAction\",\"target\":[\"https:\/\/elhogargallego.cat\/es\/\"]}]},{\"@type\":\"BreadcrumbList\",\"@id\":\"https:\/\/elhogargallego.cat\/es\/#breadcrumb\",\"itemListElement\":[{\"@type\":\"ListItem\",\"position\":1,\"name\":\"Inici\",\"item\":\"https:\/\/elhogargallego.cat\/es\/\"},{\"@type\":\"ListItem\",\"position\":2,\"name\":\"Inicio\"}]},{\"@type\":\"WebSite\",\"@id\":\"https:\/\/elhogargallego.cat\/es\/#website\",\"url\":\"https:\/\/elhogargallego.cat\/es\/\",\"name\":\"El Hogar Gallego\",\"description\":\"\",\"publisher\":{\"@id\":\"https:\/\/elhogargallego.cat\/es\/#organization\"},\"potentialAction\":[{\"@type\":\"SearchAction\",\"target\":{\"@type\":\"EntryPoint\",\"urlTemplate\":\"https:\/\/elhogargallego.cat\/es\/?s={search_term_string}\"},\"query-input\":{\"@type\":\"PropertyValueSpecification\",\"valueRequired\":true,\"valueName\":\"search_term_string\"}}],\"inLanguage\":\"es\"},{\"@type\":\"Organization\",\"@id\":\"https:\/\/elhogargallego.cat\/es\/#organization\",\"name\":\"El Hogar Gallego\",\"url\":\"https:\/\/elhogargallego.cat\/es\/\",\"logo\":{\"@type\":\"ImageObject\",\"inLanguage\":\"es\",\"@id\":\"https:\/\/elhogargallego.cat\/es\/#\/schema\/logo\/image\/\",\"url\":\"https:\/\/elhogargallego.cat\/wp-content\/uploads\/2025\/02\/logo50.png\",\"contentUrl\":\"https:\/\/elhogargallego.cat\/wp-content\/uploads\/2025\/02\/logo50.png\",\"width\":150,\"height\":114,\"caption\":\"El Hogar Gallego\"},\"image\":{\"@id\":\"https:\/\/elhogargallego.cat\/es\/#\/schema\/logo\/image\/\"},\"sameAs\":[\"https:\/\/www.facebook.com\/ElHogarGallego\",\"http:\/\/instagram.com\/elhogargallego\",\"http:\/\/www.youtube.com\/haciendahogargallego\",\"https:\/\/www.tripadvisor.es\/Restaurant_Review-g580327-d997075-Reviews-El_Hogar_Gallego-Calella_Catalonia.html\"]}]}<\/script>\n<!-- \/ Yoast SEO plugin. -->","yoast_head_json":{"title":"Restaurante Marisquer\u00eda El Hogar Gallego - El Hogar Gallego","description":"Restaurante Marisquer\u00eda El Hogar Gallego en Calella, Maresme, Barcelona. Gastronom\u00eda de alta cocina. Pescado y marisco directamente de Galicia. Chef Toni Gordillo. Sol de la Gu\u00eda Repsol y recomendado en la Gu\u00eda Michelin.","robots":{"index":"index","follow":"follow","max-snippet":"max-snippet:-1","max-image-preview":"max-image-preview:large","max-video-preview":"max-video-preview:-1"},"canonical":"https:\/\/elhogargallego.cat\/es\/","og_locale":"es_ES","og_type":"article","og_title":"Restaurante El Hogar Gallego Calella Maresme Barcelona","og_description":"Restaurante Marisquer\u00eda El Hogar Gallego en Calella, Maresme, Barcelona. Gastronom\u00eda de alta cocina. Pescado y marisco directamente de Galicia. Chef Toni Gordillo. Sol de la Gu\u00eda Repsol y recomendado en la Gu\u00eda Michelin.","og_url":"https:\/\/elhogargallego.cat\/es\/","og_site_name":"El Hogar Gallego","article_publisher":"https:\/\/www.facebook.com\/ElHogarGallego","article_modified_time":"2026-04-09T12:52:15+00:00","twitter_card":"summary_large_image","twitter_misc":{"Tiempo de lectura":"1 minuto"},"schema":{"@context":"https:\/\/schema.org","@graph":[{"@type":"WebPage","@id":"https:\/\/elhogargallego.cat\/es\/","url":"https:\/\/elhogargallego.cat\/es\/","name":"Restaurante Marisquer\u00eda El Hogar Gallego - El Hogar Gallego","isPartOf":{"@id":"https:\/\/elhogargallego.cat\/es\/#website"},"datePublished":"2022-08-08T07:31:02+00:00","dateModified":"2026-04-09T12:52:15+00:00","description":"Restaurante Marisquer\u00eda El Hogar Gallego en Calella, Maresme, Barcelona. Gastronom\u00eda de alta cocina. Pescado y marisco directamente de Galicia. Chef Toni Gordillo. Sol de la Gu\u00eda Repsol y recomendado en la Gu\u00eda Michelin.","breadcrumb":{"@id":"https:\/\/elhogargallego.cat\/es\/#breadcrumb"},"inLanguage":"es","potentialAction":[{"@type":"ReadAction","target":["https:\/\/elhogargallego.cat\/es\/"]}]},{"@type":"BreadcrumbList","@id":"https:\/\/elhogargallego.cat\/es\/#breadcrumb","itemListElement":[{"@type":"ListItem","position":1,"name":"Inici","item":"https:\/\/elhogargallego.cat\/es\/"},{"@type":"ListItem","position":2,"name":"Inicio"}]},{"@type":"WebSite","@id":"https:\/\/elhogargallego.cat\/es\/#website","url":"https:\/\/elhogargallego.cat\/es\/","name":"El Hogar Gallego","description":"","publisher":{"@id":"https:\/\/elhogargallego.cat\/es\/#organization"},"potentialAction":[{"@type":"SearchAction","target":{"@type":"EntryPoint","urlTemplate":"https:\/\/elhogargallego.cat\/es\/?s={search_term_string}"},"query-input":{"@type":"PropertyValueSpecification","valueRequired":true,"valueName":"search_term_string"}}],"inLanguage":"es"},{"@type":"Organization","@id":"https:\/\/elhogargallego.cat\/es\/#organization","name":"El Hogar Gallego","url":"https:\/\/elhogargallego.cat\/es\/","logo":{"@type":"ImageObject","inLanguage":"es","@id":"https:\/\/elhogargallego.cat\/es\/#\/schema\/logo\/image\/","url":"https:\/\/elhogargallego.cat\/wp-content\/uploads\/2025\/02\/logo50.png","contentUrl":"https:\/\/elhogargallego.cat\/wp-content\/uploads\/2025\/02\/logo50.png","width":150,"height":114,"caption":"El Hogar Gallego"},"image":{"@id":"https:\/\/elhogargallego.cat\/es\/#\/schema\/logo\/image\/"},"sameAs":["https:\/\/www.facebook.com\/ElHogarGallego","http:\/\/instagram.com\/elhogargallego","http:\/\/www.youtube.com\/haciendahogargallego","https:\/\/www.tripadvisor.es\/Restaurant_Review-g580327-d997075-Reviews-El_Hogar_Gallego-Calella_Catalonia.html"]}]}},"_links":{"self":[{"href":"https:\/\/elhogargallego.cat\/es\/wp-json\/wp\/v2\/pages\/28918"}],"collection":[{"href":"https:\/\/elhogargallego.cat\/es\/wp-json\/wp\/v2\/pages"}],"about":[{"href":"https:\/\/elhogargallego.cat\/es\/wp-json\/wp\/v2\/types\/page"}],"author":[{"embeddable":true,"href":"https:\/\/elhogargallego.cat\/es\/wp-json\/wp\/v2\/users\/1"}],"replies":[{"embeddable":true,"href":"https:\/\/elhogargallego.cat\/es\/wp-json\/wp\/v2\/comments?post=28918"}],"version-history":[{"count":48,"href":"https:\/\/elhogargallego.cat\/es\/wp-json\/wp\/v2\/pages\/28918\/revisions"}],"predecessor-version":[{"id":31132,"href":"https:\/\/elhogargallego.cat\/es\/wp-json\/wp\/v2\/pages\/28918\/revisions\/31132"}],"wp:attachment":[{"href":"https:\/\/elhogargallego.cat\/es\/wp-json\/wp\/v2\/media?parent=28918"}],"curies":[{"name":"wp","href":"https:\/\/api.w.org\/{rel}","templated":true}]}}