{"id":29071,"date":"2022-10-20T10:17:08","date_gmt":"2022-10-20T10:17:08","guid":{"rendered":"https:\/\/elhogargallego.cat\/?page_id=29071"},"modified":"2025-12-09T13:38:48","modified_gmt":"2025-12-09T13:38:48","slug":"give-away-hogar-gallego","status":"publish","type":"page","link":"https:\/\/elhogargallego.cat\/en\/give-away-hogar-gallego\/","title":{"rendered":"Give Away Hogar Gallego"},"content":{"rendered":"\t\t<div data-elementor-type=\"wp-page\" data-elementor-id=\"29071\" class=\"elementor elementor-29071 elementor-29070\" data-elementor-post-type=\"page\">\n\t\t\t\t\t\t<section class=\"elementor-section elementor-top-section elementor-element elementor-element-b92c4b7 elementor-hidden-desktop elementor-hidden-tablet elementor-hidden-mobile elementor-section-boxed elementor-section-height-default elementor-section-height-default\" data-id=\"b92c4b7\" data-element_type=\"section\">\n\t\t\t\t\t\t<div class=\"elementor-container elementor-column-gap-default\">\n\t\t\t\t\t<div class=\"elementor-column elementor-col-100 elementor-top-column elementor-element elementor-element-1aa1b0c\" data-id=\"1aa1b0c\" data-element_type=\"column\">\n\t\t\t<div class=\"elementor-widget-wrap elementor-element-populated\">\n\t\t\t\t\t\t<div class=\"elementor-element elementor-element-914ecf9 elementor-widget elementor-widget-text-editor\" data-id=\"914ecf9\" data-element_type=\"widget\" data-widget_type=\"text-editor.default\">\n\t\t\t\t<div class=\"elementor-widget-container\">\n\t\t\t\t\t\t\t<div class=\"elementor-element elementor-element-5deda09 elementor-widget elementor-widget-heading\" data-id=\"5deda09\" data-element_type=\"widget\" data-widget_type=\"heading.default\"><div class=\"elementor-widget-container\"><p>Give Away Hogar Gallego<\/p><p class=\"elementor-heading-title elementor-size-default\">Give the gift of an experience at El Hogar Gallego with our gift bonuses.<\/p><\/div><\/div><div class=\"elementor-element elementor-element-1057c52 elementor-widget elementor-widget-text-editor\" data-id=\"1057c52\" data-element_type=\"widget\" data-widget_type=\"text-editor.default\"><div class=\"elementor-widget-container\"><p>Our menus and our menu at your disposal, to give the gift of a unique experience.<\/p><p><a href=\"https:\/\/lahacienda.cat\" target=\"_blank\" rel=\"noopener\">la hacienda<\/a><\/p><\/div><\/div>\t\t\t\t\t\t<\/div>\n\t\t\t\t<\/div>\n\t\t\t\t\t<\/div>\n\t\t<\/div>\n\t\t\t\t\t<\/div>\n\t\t<\/section>\n\t\t\t\t<section class=\"elementor-section elementor-top-section elementor-element elementor-element-4a1ba82 elementor-section-full_width elementor-section-height-full animated-slow elementor-section-height-default elementor-section-items-middle elementor-invisible\" data-id=\"4a1ba82\" data-element_type=\"section\" data-settings=\"{&quot;background_background&quot;:&quot;classic&quot;,&quot;animation&quot;:&quot;fadeIn&quot;}\">\n\t\t\t\t\t\t\t<div class=\"elementor-background-overlay\"><\/div>\n\t\t\t\t\t\t\t<div class=\"elementor-container elementor-column-gap-default\">\n\t\t\t\t\t<div class=\"elementor-column elementor-col-100 elementor-top-column elementor-element elementor-element-1c659bc\" data-id=\"1c659bc\" data-element_type=\"column\">\n\t\t\t<div class=\"elementor-widget-wrap elementor-element-populated\">\n\t\t\t\t\t\t<div class=\"elementor-element elementor-element-09dbba6 elementor-widget elementor-widget-heading\" data-id=\"09dbba6\" data-element_type=\"widget\" data-widget_type=\"heading.default\">\n\t\t\t\t<div class=\"elementor-widget-container\">\n\t\t\t<h1 class=\"elementor-heading-title elementor-size-default\">Give Away Hogar Gallego<\/h1>\t\t<\/div>\n\t\t\t\t<\/div>\n\t\t\t\t\t<\/div>\n\t\t<\/div>\n\t\t\t\t\t<\/div>\n\t\t<\/section>\n\t\t\t\t<section class=\"elementor-section elementor-top-section elementor-element elementor-element-82df4aa elementor-section-full_width elementor-section-height-default elementor-section-height-default elementor-invisible\" data-id=\"82df4aa\" data-element_type=\"section\" data-settings=\"{&quot;background_background&quot;:&quot;classic&quot;,&quot;animation&quot;:&quot;fadeIn&quot;}\">\n\t\t\t\t\t\t<div class=\"elementor-container elementor-column-gap-default\">\n\t\t\t\t\t<div class=\"elementor-column elementor-col-50 elementor-top-column elementor-element elementor-element-3fe5439 elementor-hidden-tablet elementor-hidden-mobile\" data-id=\"3fe5439\" data-element_type=\"column\">\n\t\t\t<div class=\"elementor-widget-wrap\">\n\t\t\t\t\t\t\t<\/div>\n\t\t<\/div>\n\t\t\t\t<div class=\"elementor-column elementor-col-50 elementor-top-column elementor-element elementor-element-9439fa5 animated-slow elementor-invisible\" data-id=\"9439fa5\" data-element_type=\"column\" data-settings=\"{&quot;background_background&quot;:&quot;classic&quot;,&quot;animation&quot;:&quot;zoomIn&quot;}\">\n\t\t\t<div class=\"elementor-widget-wrap elementor-element-populated\">\n\t\t\t\t\t\t<div class=\"elementor-element elementor-element-fc47e01 elementor-widget elementor-widget-heading\" data-id=\"fc47e01\" data-element_type=\"widget\" data-widget_type=\"heading.default\">\n\t\t\t\t<div class=\"elementor-widget-container\">\n\t\t\t<h2 class=\"elementor-heading-title elementor-size-default\">Give Away Hogar<\/h2>\t\t<\/div>\n\t\t\t\t<\/div>\n\t\t\t\t<div class=\"elementor-element elementor-element-5deda09 elementor-widget elementor-widget-heading\" data-id=\"5deda09\" data-element_type=\"widget\" data-widget_type=\"heading.default\">\n\t\t\t\t<div class=\"elementor-widget-container\">\n\t\t\t<h3 class=\"elementor-heading-title elementor-size-default\">Give the gift of an experience at El Hogar Gallego with our gift bonuses.<\/h3>\t\t<\/div>\n\t\t\t\t<\/div>\n\t\t\t\t<div class=\"elementor-element elementor-element-1057c52 elementor-widget elementor-widget-text-editor\" data-id=\"1057c52\" data-element_type=\"widget\" data-widget_type=\"text-editor.default\">\n\t\t\t\t<div class=\"elementor-widget-container\">\n\t\t\t\t\t\t\t<p>Our menus and our menu at your disposal, to give the gift of a unique experience.<\/p><p>Thank you for choosing us on this special occasion. Come and enjoy an extraordinary and unique evening with that special person!<\/p><p>Contact us and we will give you all the information.<\/p>\t\t\t\t\t\t<\/div>\n\t\t\t\t<\/div>\n\t\t\t\t<div class=\"elementor-element elementor-element-6c14abb elementor-hidden-desktop elementor-hidden-tablet elementor-widget elementor-widget-image\" data-id=\"6c14abb\" data-element_type=\"widget\" data-widget_type=\"image.default\">\n\t\t\t\t<div class=\"elementor-widget-container\">\n\t\t\t\t\t\t\t\t\t\t\t\t\t<img fetchpriority=\"high\" decoding=\"async\" width=\"300\" height=\"276\" src=\"https:\/\/elhogargallego.cat\/wp-content\/uploads\/2022\/08\/gordillo.jpg\" class=\"attachment-full size-full wp-image-27989\" alt=\"Give Away Hogar Gallego\" \/>\t\t\t\t\t\t\t\t\t\t\t\t\t<\/div>\n\t\t\t\t<\/div>\n\t\t\t\t<div class=\"elementor-element elementor-element-6242686 elementor-align-center e-transform elementor-widget elementor-widget-button\" data-id=\"6242686\" data-element_type=\"widget\" data-settings=\"{&quot;_transform_scale_effect_hover&quot;:{&quot;unit&quot;:&quot;px&quot;,&quot;size&quot;:1.2,&quot;sizes&quot;:[]},&quot;_transform_scale_effect_hover_tablet&quot;:{&quot;unit&quot;:&quot;px&quot;,&quot;size&quot;:&quot;&quot;,&quot;sizes&quot;:[]},&quot;_transform_scale_effect_hover_mobile&quot;:{&quot;unit&quot;:&quot;px&quot;,&quot;size&quot;:&quot;&quot;,&quot;sizes&quot;:[]}}\" data-widget_type=\"button.default\">\n\t\t\t\t<div class=\"elementor-widget-container\">\n\t\t\t\t\t\t\t<div class=\"elementor-button-wrapper\">\n\t\t\t\t\t<a class=\"elementor-button elementor-button-link elementor-size-sm\" href=\"https:\/\/elhogargallego.cat\/en\/contact\/\" target=\"_blank\">\n\t\t\t\t\t\t<span class=\"elementor-button-content-wrapper\">\n\t\t\t\t\t\t\t\t\t<span class=\"elementor-button-text\">Contact<\/span>\n\t\t\t\t\t<\/span>\n\t\t\t\t\t<\/a>\n\t\t\t\t<\/div>\n\t\t\t\t\t\t<\/div>\n\t\t\t\t<\/div>\n\t\t\t\t\t<\/div>\n\t\t<\/div>\n\t\t\t\t\t<\/div>\n\t\t<\/section>\n\t\t\t\t<section class=\"elementor-section elementor-top-section elementor-element elementor-element-27f7329 elementor-section-full_width elementor-section-height-default elementor-section-height-default elementor-invisible\" data-id=\"27f7329\" data-element_type=\"section\" data-settings=\"{&quot;background_background&quot;:&quot;classic&quot;,&quot;animation&quot;:&quot;fadeIn&quot;}\">\n\t\t\t\t\t\t<div class=\"elementor-container elementor-column-gap-default\">\n\t\t\t\t\t<div class=\"elementor-column elementor-col-50 elementor-top-column elementor-element elementor-element-fce3635 elementor-hidden-tablet elementor-hidden-mobile\" data-id=\"fce3635\" data-element_type=\"column\">\n\t\t\t<div class=\"elementor-widget-wrap\">\n\t\t\t\t\t\t\t<\/div>\n\t\t<\/div>\n\t\t\t\t<div class=\"elementor-column elementor-col-50 elementor-top-column elementor-element elementor-element-b8fc74c animated-slow elementor-invisible\" data-id=\"b8fc74c\" data-element_type=\"column\" data-settings=\"{&quot;background_background&quot;:&quot;classic&quot;,&quot;animation&quot;:&quot;zoomIn&quot;}\">\n\t\t\t<div class=\"elementor-widget-wrap elementor-element-populated\">\n\t\t\t\t\t\t<div class=\"elementor-element elementor-element-f25d7e0 elementor-widget elementor-widget-heading\" data-id=\"f25d7e0\" data-element_type=\"widget\" data-widget_type=\"heading.default\">\n\t\t\t\t<div class=\"elementor-widget-container\">\n\t\t\t<h2 class=\"elementor-heading-title elementor-size-default\">Consulta els nostres menus<\/h2>\t\t<\/div>\n\t\t\t\t<\/div>\n\t\t\t\t<div class=\"elementor-element elementor-element-c0a7ffc elementor-align-center e-transform elementor-widget__width-auto elementor-widget elementor-widget-button\" data-id=\"c0a7ffc\" data-element_type=\"widget\" data-settings=\"{&quot;_transform_scale_effect_hover&quot;:{&quot;unit&quot;:&quot;px&quot;,&quot;size&quot;:1.2,&quot;sizes&quot;:[]},&quot;_transform_scale_effect_hover_tablet&quot;:{&quot;unit&quot;:&quot;px&quot;,&quot;size&quot;:&quot;&quot;,&quot;sizes&quot;:[]},&quot;_transform_scale_effect_hover_mobile&quot;:{&quot;unit&quot;:&quot;px&quot;,&quot;size&quot;:&quot;&quot;,&quot;sizes&quot;:[]}}\" data-widget_type=\"button.default\">\n\t\t\t\t<div class=\"elementor-widget-container\">\n\t\t\t\t\t\t\t<div class=\"elementor-button-wrapper\">\n\t\t\t\t\t<a class=\"elementor-button elementor-button-link elementor-size-sm\" href=\"https:\/\/elhogargallego.cat\/menu_carta.pdf\" target=\"_blank\">\n\t\t\t\t\t\t<span class=\"elementor-button-content-wrapper\">\n\t\t\t\t\t\t\t\t\t<span class=\"elementor-button-text\">Menu carta<\/span>\n\t\t\t\t\t<\/span>\n\t\t\t\t\t<\/a>\n\t\t\t\t<\/div>\n\t\t\t\t\t\t<\/div>\n\t\t\t\t<\/div>\n\t\t\t\t<div class=\"elementor-element elementor-element-efbd4a5 elementor-align-center e-transform elementor-widget__width-auto elementor-widget elementor-widget-button\" data-id=\"efbd4a5\" data-element_type=\"widget\" data-settings=\"{&quot;_transform_scale_effect_hover&quot;:{&quot;unit&quot;:&quot;px&quot;,&quot;size&quot;:1.2,&quot;sizes&quot;:[]},&quot;_transform_scale_effect_hover_tablet&quot;:{&quot;unit&quot;:&quot;px&quot;,&quot;size&quot;:&quot;&quot;,&quot;sizes&quot;:[]},&quot;_transform_scale_effect_hover_mobile&quot;:{&quot;unit&quot;:&quot;px&quot;,&quot;size&quot;:&quot;&quot;,&quot;sizes&quot;:[]}}\" data-widget_type=\"button.default\">\n\t\t\t\t<div class=\"elementor-widget-container\">\n\t\t\t\t\t\t\t<div class=\"elementor-button-wrapper\">\n\t\t\t\t\t<a class=\"elementor-button elementor-button-link elementor-size-sm\" href=\"https:\/\/elhogargallego.cat\/menu_premium.pdf\" target=\"_blank\">\n\t\t\t\t\t\t<span class=\"elementor-button-content-wrapper\">\n\t\t\t\t\t\t\t\t\t<span class=\"elementor-button-text\">Menu premium<\/span>\n\t\t\t\t\t<\/span>\n\t\t\t\t\t<\/a>\n\t\t\t\t<\/div>\n\t\t\t\t\t\t<\/div>\n\t\t\t\t<\/div>\n\t\t\t\t\t<\/div>\n\t\t<\/div>\n\t\t\t\t\t<\/div>\n\t\t<\/section>\n\t\t\t\t<section class=\"elementor-section elementor-top-section elementor-element elementor-element-132c9b2 elementor-section-full_width elementor-hidden-desktop elementor-section-height-default elementor-section-height-default\" data-id=\"132c9b2\" data-element_type=\"section\">\n\t\t\t\t\t\t<div class=\"elementor-container elementor-column-gap-default\">\n\t\t\t\t\t<div class=\"elementor-column elementor-col-100 elementor-top-column elementor-element elementor-element-c925734\" data-id=\"c925734\" data-element_type=\"column\">\n\t\t\t<div class=\"elementor-widget-wrap elementor-element-populated\">\n\t\t\t\t\t\t<div class=\"elementor-element elementor-element-d72a2b0 elementor-widget elementor-widget-image\" data-id=\"d72a2b0\" data-element_type=\"widget\" data-widget_type=\"image.default\">\n\t\t\t\t<div class=\"elementor-widget-container\">\n\t\t\t\t\t\t\t\t\t\t\t\t\t<img decoding=\"async\" width=\"300\" height=\"300\" src=\"https:\/\/elhogargallego.cat\/wp-content\/uploads\/2022\/08\/tarfar_Movil.jpg\" class=\"attachment-large size-large wp-image-28601\" alt=\"Carta entrants\" srcset=\"https:\/\/elhogargallego.cat\/wp-content\/uploads\/2022\/08\/tarfar_Movil.jpg 300w, https:\/\/elhogargallego.cat\/wp-content\/uploads\/2022\/08\/tarfar_Movil-150x150.jpg 150w\" sizes=\"(max-width: 300px) 100vw, 300px\" \/>\t\t\t\t\t\t\t\t\t\t\t\t\t<\/div>\n\t\t\t\t<\/div>\n\t\t\t\t\t<\/div>\n\t\t<\/div>\n\t\t\t\t\t<\/div>\n\t\t<\/section>\n\t\t\t\t<\/div>\n\t\t","protected":false},"excerpt":{"rendered":"<p>Give Away Hogar Gallego Give the gift of an experience at El Hogar Gallego with our gift bonuses. Our menus and our menu at your disposal, to give the gift of a unique experience. la hacienda Give Away Hogar Give the gift of an experience at El Hogar Gallego with our gift bonuses. Our menus [&hellip;]<\/p>\n","protected":false},"author":1,"featured_media":0,"parent":0,"menu_order":0,"comment_status":"closed","ping_status":"closed","template":"elementor_header_footer","meta":{"footnotes":""},"class_list":["post-29071","page","type-page","status-publish","hentry"],"yoast_head":"<!-- This site is optimized with the Yoast SEO plugin v23.7 - https:\/\/yoast.com\/wordpress\/plugins\/seo\/ -->\n<title>Give Away Hogar Gallego - El Hogar Gallego<\/title>\n<meta name=\"description\" content=\"Regala Hogar Gallego. Regala una experi\u00e8ncia amb els nostres bonus regal. Els nostres men\u00fas i la nostra carta a la teva disposici\u00f3.\" \/>\n<meta name=\"robots\" content=\"index, follow, max-snippet:-1, max-image-preview:large, max-video-preview:-1\" \/>\n<link rel=\"canonical\" href=\"https:\/\/elhogargallego.cat\/en\/give-away-hogar-gallego\/\" \/>\n<meta property=\"og:locale\" content=\"en_US\" \/>\n<meta property=\"og:type\" content=\"article\" \/>\n<meta property=\"og:title\" content=\"Give Away Hogar Gallego - El Hogar Gallego\" \/>\n<meta property=\"og:description\" content=\"Regala Hogar Gallego. Regala una experi\u00e8ncia amb els nostres bonus regal. Els nostres men\u00fas i la nostra carta a la teva disposici\u00f3.\" \/>\n<meta property=\"og:url\" content=\"https:\/\/elhogargallego.cat\/en\/give-away-hogar-gallego\/\" \/>\n<meta property=\"og:site_name\" content=\"El Hogar Gallego\" \/>\n<meta property=\"article:publisher\" content=\"https:\/\/www.facebook.com\/ElHogarGallego\" \/>\n<meta property=\"article:modified_time\" content=\"2025-12-09T13:38:48+00:00\" \/>\n<meta property=\"og:image\" content=\"https:\/\/elhogargallego.cat\/wp-content\/uploads\/2022\/08\/gordillo.jpg\" \/>\n\t<meta property=\"og:image:width\" content=\"300\" \/>\n\t<meta property=\"og:image:height\" content=\"276\" \/>\n\t<meta property=\"og:image:type\" content=\"image\/jpeg\" \/>\n<meta name=\"twitter:card\" content=\"summary_large_image\" \/>\n<meta name=\"twitter:label1\" content=\"Est. reading time\" \/>\n\t<meta name=\"twitter:data1\" content=\"2 minutes\" \/>\n<script type=\"application\/ld+json\" class=\"yoast-schema-graph\">{\"@context\":\"https:\/\/schema.org\",\"@graph\":[{\"@type\":\"WebPage\",\"@id\":\"https:\/\/elhogargallego.cat\/en\/give-away-hogar-gallego\/\",\"url\":\"https:\/\/elhogargallego.cat\/en\/give-away-hogar-gallego\/\",\"name\":\"Give Away Hogar Gallego - El Hogar Gallego\",\"isPartOf\":{\"@id\":\"https:\/\/elhogargallego.cat\/en\/#website\"},\"primaryImageOfPage\":{\"@id\":\"https:\/\/elhogargallego.cat\/en\/give-away-hogar-gallego\/#primaryimage\"},\"image\":{\"@id\":\"https:\/\/elhogargallego.cat\/en\/give-away-hogar-gallego\/#primaryimage\"},\"thumbnailUrl\":\"https:\/\/elhogargallego.cat\/wp-content\/uploads\/2022\/08\/gordillo.jpg\",\"datePublished\":\"2022-10-20T10:17:08+00:00\",\"dateModified\":\"2025-12-09T13:38:48+00:00\",\"description\":\"Regala Hogar Gallego. Regala una experi\u00e8ncia amb els nostres bonus regal. Els nostres men\u00fas i la nostra carta a la teva disposici\u00f3.\",\"breadcrumb\":{\"@id\":\"https:\/\/elhogargallego.cat\/en\/give-away-hogar-gallego\/#breadcrumb\"},\"inLanguage\":\"en-US\",\"potentialAction\":[{\"@type\":\"ReadAction\",\"target\":[\"https:\/\/elhogargallego.cat\/en\/give-away-hogar-gallego\/\"]}]},{\"@type\":\"ImageObject\",\"inLanguage\":\"en-US\",\"@id\":\"https:\/\/elhogargallego.cat\/en\/give-away-hogar-gallego\/#primaryimage\",\"url\":\"https:\/\/elhogargallego.cat\/wp-content\/uploads\/2022\/08\/gordillo.jpg\",\"contentUrl\":\"https:\/\/elhogargallego.cat\/wp-content\/uploads\/2022\/08\/gordillo.jpg\"},{\"@type\":\"BreadcrumbList\",\"@id\":\"https:\/\/elhogargallego.cat\/en\/give-away-hogar-gallego\/#breadcrumb\",\"itemListElement\":[{\"@type\":\"ListItem\",\"position\":1,\"name\":\"Inici\",\"item\":\"https:\/\/elhogargallego.cat\/en\/\"},{\"@type\":\"ListItem\",\"position\":2,\"name\":\"Give Away Hogar Gallego\"}]},{\"@type\":\"WebSite\",\"@id\":\"https:\/\/elhogargallego.cat\/en\/#website\",\"url\":\"https:\/\/elhogargallego.cat\/en\/\",\"name\":\"El Hogar Gallego\",\"description\":\"\",\"publisher\":{\"@id\":\"https:\/\/elhogargallego.cat\/en\/#organization\"},\"potentialAction\":[{\"@type\":\"SearchAction\",\"target\":{\"@type\":\"EntryPoint\",\"urlTemplate\":\"https:\/\/elhogargallego.cat\/en\/?s={search_term_string}\"},\"query-input\":{\"@type\":\"PropertyValueSpecification\",\"valueRequired\":true,\"valueName\":\"search_term_string\"}}],\"inLanguage\":\"en-US\"},{\"@type\":\"Organization\",\"@id\":\"https:\/\/elhogargallego.cat\/en\/#organization\",\"name\":\"El Hogar Gallego\",\"url\":\"https:\/\/elhogargallego.cat\/en\/\",\"logo\":{\"@type\":\"ImageObject\",\"inLanguage\":\"en-US\",\"@id\":\"https:\/\/elhogargallego.cat\/en\/#\/schema\/logo\/image\/\",\"url\":\"https:\/\/elhogargallego.cat\/wp-content\/uploads\/2025\/02\/logo50.png\",\"contentUrl\":\"https:\/\/elhogargallego.cat\/wp-content\/uploads\/2025\/02\/logo50.png\",\"width\":150,\"height\":114,\"caption\":\"El Hogar Gallego\"},\"image\":{\"@id\":\"https:\/\/elhogargallego.cat\/en\/#\/schema\/logo\/image\/\"},\"sameAs\":[\"https:\/\/www.facebook.com\/ElHogarGallego\",\"http:\/\/instagram.com\/elhogargallego\",\"http:\/\/www.youtube.com\/haciendahogargallego\",\"https:\/\/www.tripadvisor.es\/Restaurant_Review-g580327-d997075-Reviews-El_Hogar_Gallego-Calella_Catalonia.html\"]}]}<\/script>\n<!-- \/ Yoast SEO plugin. -->","yoast_head_json":{"title":"Give Away Hogar Gallego - El Hogar Gallego","description":"Regala Hogar Gallego. Regala una experi\u00e8ncia amb els nostres bonus regal. Els nostres men\u00fas i la nostra carta a la teva disposici\u00f3.","robots":{"index":"index","follow":"follow","max-snippet":"max-snippet:-1","max-image-preview":"max-image-preview:large","max-video-preview":"max-video-preview:-1"},"canonical":"https:\/\/elhogargallego.cat\/en\/give-away-hogar-gallego\/","og_locale":"en_US","og_type":"article","og_title":"Give Away Hogar Gallego - El Hogar Gallego","og_description":"Regala Hogar Gallego. Regala una experi\u00e8ncia amb els nostres bonus regal. Els nostres men\u00fas i la nostra carta a la teva disposici\u00f3.","og_url":"https:\/\/elhogargallego.cat\/en\/give-away-hogar-gallego\/","og_site_name":"El Hogar Gallego","article_publisher":"https:\/\/www.facebook.com\/ElHogarGallego","article_modified_time":"2025-12-09T13:38:48+00:00","og_image":[{"width":300,"height":276,"url":"https:\/\/elhogargallego.cat\/wp-content\/uploads\/2022\/08\/gordillo.jpg","type":"image\/jpeg"}],"twitter_card":"summary_large_image","twitter_misc":{"Est. reading time":"2 minutes"},"schema":{"@context":"https:\/\/schema.org","@graph":[{"@type":"WebPage","@id":"https:\/\/elhogargallego.cat\/en\/give-away-hogar-gallego\/","url":"https:\/\/elhogargallego.cat\/en\/give-away-hogar-gallego\/","name":"Give Away Hogar Gallego - El Hogar Gallego","isPartOf":{"@id":"https:\/\/elhogargallego.cat\/en\/#website"},"primaryImageOfPage":{"@id":"https:\/\/elhogargallego.cat\/en\/give-away-hogar-gallego\/#primaryimage"},"image":{"@id":"https:\/\/elhogargallego.cat\/en\/give-away-hogar-gallego\/#primaryimage"},"thumbnailUrl":"https:\/\/elhogargallego.cat\/wp-content\/uploads\/2022\/08\/gordillo.jpg","datePublished":"2022-10-20T10:17:08+00:00","dateModified":"2025-12-09T13:38:48+00:00","description":"Regala Hogar Gallego. Regala una experi\u00e8ncia amb els nostres bonus regal. Els nostres men\u00fas i la nostra carta a la teva disposici\u00f3.","breadcrumb":{"@id":"https:\/\/elhogargallego.cat\/en\/give-away-hogar-gallego\/#breadcrumb"},"inLanguage":"en-US","potentialAction":[{"@type":"ReadAction","target":["https:\/\/elhogargallego.cat\/en\/give-away-hogar-gallego\/"]}]},{"@type":"ImageObject","inLanguage":"en-US","@id":"https:\/\/elhogargallego.cat\/en\/give-away-hogar-gallego\/#primaryimage","url":"https:\/\/elhogargallego.cat\/wp-content\/uploads\/2022\/08\/gordillo.jpg","contentUrl":"https:\/\/elhogargallego.cat\/wp-content\/uploads\/2022\/08\/gordillo.jpg"},{"@type":"BreadcrumbList","@id":"https:\/\/elhogargallego.cat\/en\/give-away-hogar-gallego\/#breadcrumb","itemListElement":[{"@type":"ListItem","position":1,"name":"Inici","item":"https:\/\/elhogargallego.cat\/en\/"},{"@type":"ListItem","position":2,"name":"Give Away Hogar Gallego"}]},{"@type":"WebSite","@id":"https:\/\/elhogargallego.cat\/en\/#website","url":"https:\/\/elhogargallego.cat\/en\/","name":"El Hogar Gallego","description":"","publisher":{"@id":"https:\/\/elhogargallego.cat\/en\/#organization"},"potentialAction":[{"@type":"SearchAction","target":{"@type":"EntryPoint","urlTemplate":"https:\/\/elhogargallego.cat\/en\/?s={search_term_string}"},"query-input":{"@type":"PropertyValueSpecification","valueRequired":true,"valueName":"search_term_string"}}],"inLanguage":"en-US"},{"@type":"Organization","@id":"https:\/\/elhogargallego.cat\/en\/#organization","name":"El Hogar Gallego","url":"https:\/\/elhogargallego.cat\/en\/","logo":{"@type":"ImageObject","inLanguage":"en-US","@id":"https:\/\/elhogargallego.cat\/en\/#\/schema\/logo\/image\/","url":"https:\/\/elhogargallego.cat\/wp-content\/uploads\/2025\/02\/logo50.png","contentUrl":"https:\/\/elhogargallego.cat\/wp-content\/uploads\/2025\/02\/logo50.png","width":150,"height":114,"caption":"El Hogar Gallego"},"image":{"@id":"https:\/\/elhogargallego.cat\/en\/#\/schema\/logo\/image\/"},"sameAs":["https:\/\/www.facebook.com\/ElHogarGallego","http:\/\/instagram.com\/elhogargallego","http:\/\/www.youtube.com\/haciendahogargallego","https:\/\/www.tripadvisor.es\/Restaurant_Review-g580327-d997075-Reviews-El_Hogar_Gallego-Calella_Catalonia.html"]}]}},"_links":{"self":[{"href":"https:\/\/elhogargallego.cat\/en\/wp-json\/wp\/v2\/pages\/29071"}],"collection":[{"href":"https:\/\/elhogargallego.cat\/en\/wp-json\/wp\/v2\/pages"}],"about":[{"href":"https:\/\/elhogargallego.cat\/en\/wp-json\/wp\/v2\/types\/page"}],"author":[{"embeddable":true,"href":"https:\/\/elhogargallego.cat\/en\/wp-json\/wp\/v2\/users\/1"}],"replies":[{"embeddable":true,"href":"https:\/\/elhogargallego.cat\/en\/wp-json\/wp\/v2\/comments?post=29071"}],"version-history":[{"count":11,"href":"https:\/\/elhogargallego.cat\/en\/wp-json\/wp\/v2\/pages\/29071\/revisions"}],"predecessor-version":[{"id":30993,"href":"https:\/\/elhogargallego.cat\/en\/wp-json\/wp\/v2\/pages\/29071\/revisions\/30993"}],"wp:attachment":[{"href":"https:\/\/elhogargallego.cat\/en\/wp-json\/wp\/v2\/media?parent=29071"}],"curies":[{"name":"wp","href":"https:\/\/api.w.org\/{rel}","templated":true}]}}